{"id":833,"date":"2021-03-05T20:10:52","date_gmt":"2021-03-05T20:10:52","guid":{"rendered":"https:\/\/nuevalibertad.org\/practice-areas\/"},"modified":"2025-04-15T13:52:20","modified_gmt":"2025-04-15T13:52:20","slug":"nuestro-proposito","status":"publish","type":"page","link":"https:\/\/nuevalibertad.org\/en\/nuestro-proposito\/","title":{"rendered":"Our Purpose"},"content":{"rendered":"<div data-elementor-type=\"wp-page\" data-elementor-id=\"833\" class=\"elementor elementor-833\" data-elementor-post-type=\"page\">\n\t\t\t\t\t\t<section class=\"elementor-section elementor-top-section elementor-element elementor-element-6d9a90b elementor-section-height-min-height elementor-section-boxed elementor-section-height-default elementor-section-items-middle\" data-id=\"6d9a90b\" data-element_type=\"section\" data-e-type=\"section\" data-settings=\"{&quot;background_background&quot;:&quot;classic&quot;}\">\n\t\t\t\t\t\t\t<div class=\"elementor-background-overlay\"><\/div>\n\t\t\t\t\t\t\t<div class=\"elementor-container elementor-column-gap-no\">\n\t\t\t\t\t<div class=\"elementor-column elementor-col-100 elementor-top-column elementor-element elementor-element-2eebc89\" data-id=\"2eebc89\" data-element_type=\"column\" data-e-type=\"column\">\n\t\t\t<div class=\"elementor-widget-wrap elementor-element-populated\">\n\t\t\t\t\t\t<div class=\"elementor-element elementor-element-d900c32 elementor-widget-divider--view-line elementor-widget elementor-widget-divider\" data-id=\"d900c32\" data-element_type=\"widget\" data-e-type=\"widget\" data-widget_type=\"divider.default\">\n\t\t\t\t<div class=\"elementor-widget-container\">\n\t\t\t\t\t\t\t<div class=\"elementor-divider\">\n\t\t\t<span class=\"elementor-divider-separator\">\n\t\t\t\t\t\t<\/span>\n\t\t<\/div>\n\t\t\t\t\t\t<\/div>\n\t\t\t\t<\/div>\n\t\t\t\t<div class=\"elementor-element elementor-element-ea74c4b elementor-widget elementor-widget-heading\" data-id=\"ea74c4b\" data-element_type=\"widget\" data-e-type=\"widget\" data-widget_type=\"heading.default\">\n\t\t\t\t<div class=\"elementor-widget-container\">\n\t\t\t\t\t<h1 class=\"elementor-heading-title elementor-size-default\">OUR PURPOSE<\/h1>\t\t\t\t<\/div>\n\t\t\t\t<\/div>\n\t\t\t\t<div class=\"elementor-element elementor-element-2ea2d6b elementor-widget elementor-widget-text-editor\" data-id=\"2ea2d6b\" data-element_type=\"widget\" data-e-type=\"widget\" data-widget_type=\"text-editor.default\">\n\t\t\t\t<div class=\"elementor-widget-container\">\n\t\t\t\t\t\t\t\t\t<p>We are a catalyst for good ideas, relationships and actions.<\/p>\t\t\t\t\t\t\t\t<\/div>\n\t\t\t\t<\/div>\n\t\t\t\t\t<\/div>\n\t\t<\/div>\n\t\t\t\t\t<\/div>\n\t\t<\/section>\n\t\t\t\t<section class=\"elementor-section elementor-top-section elementor-element elementor-element-9a92740 elementor-section-boxed elementor-section-height-default elementor-section-height-default\" data-id=\"9a92740\" data-element_type=\"section\" data-e-type=\"section\" data-settings=\"{&quot;background_background&quot;:&quot;classic&quot;}\">\n\t\t\t\t\t\t<div class=\"elementor-container elementor-column-gap-no\">\n\t\t\t\t\t<div class=\"elementor-column elementor-col-100 elementor-top-column elementor-element elementor-element-7d6afba\" data-id=\"7d6afba\" data-element_type=\"column\" data-e-type=\"column\">\n\t\t\t<div class=\"elementor-widget-wrap elementor-element-populated\">\n\t\t\t\t\t\t<div class=\"elementor-element elementor-element-2125245 elementor-widget-divider--view-line elementor-widget elementor-widget-divider\" data-id=\"2125245\" data-element_type=\"widget\" data-e-type=\"widget\" data-widget_type=\"divider.default\">\n\t\t\t\t<div class=\"elementor-widget-container\">\n\t\t\t\t\t\t\t<div class=\"elementor-divider\">\n\t\t\t<span class=\"elementor-divider-separator\">\n\t\t\t\t\t\t<\/span>\n\t\t<\/div>\n\t\t\t\t\t\t<\/div>\n\t\t\t\t<\/div>\n\t\t\t\t<div class=\"elementor-element elementor-element-a6727de elementor-widget elementor-widget-heading\" data-id=\"a6727de\" data-element_type=\"widget\" data-e-type=\"widget\" data-widget_type=\"heading.default\">\n\t\t\t\t<div class=\"elementor-widget-container\">\n\t\t\t\t\t<h2 class=\"elementor-heading-title elementor-size-default\">Creemos en la conveniencia nutrir la espiritualidad del ciudadano para impulsar as\u00ed todo su potencial y promover proyectos de transformaci\u00f3n social.<\/h2>\t\t\t\t<\/div>\n\t\t\t\t<\/div>\n\t\t\t\t<section class=\"elementor-section elementor-inner-section elementor-element elementor-element-f3a2c22 elementor-section-boxed elementor-section-height-default elementor-section-height-default\" data-id=\"f3a2c22\" data-element_type=\"section\" data-e-type=\"section\">\n\t\t\t\t\t\t<div class=\"elementor-container elementor-column-gap-no\">\n\t\t\t\t\t<div class=\"elementor-column elementor-col-50 elementor-inner-column elementor-element elementor-element-be51ca6\" data-id=\"be51ca6\" data-element_type=\"column\" data-e-type=\"column\" data-settings=\"{&quot;background_background&quot;:&quot;classic&quot;}\">\n\t\t\t<div class=\"elementor-widget-wrap elementor-element-populated\">\n\t\t\t\t\t\t<div class=\"elementor-element elementor-element-4d29d89 elementor-view-default elementor-position-block-start elementor-mobile-position-block-start elementor-widget elementor-widget-icon-box\" data-id=\"4d29d89\" data-element_type=\"widget\" data-e-type=\"widget\" data-widget_type=\"icon-box.default\">\n\t\t\t\t<div class=\"elementor-widget-container\">\n\t\t\t\t\t\t\t<div class=\"elementor-icon-box-wrapper\">\n\n\t\t\t\t\t\t<div class=\"elementor-icon-box-icon\">\n\t\t\t\t<span  class=\"elementor-icon\">\n\t\t\t\t<i aria-hidden=\"true\" class=\"fas fa-hands-helping\"><\/i>\t\t\t\t<\/span>\n\t\t\t<\/div>\n\t\t\t\n\t\t\t\t\t\t<div class=\"elementor-icon-box-content\">\n\n\t\t\t\t\n\t\t\t\t\t\t\t\t\t<p class=\"elementor-icon-box-description\">\n\t\t\t\t\t\tFacilitamos networking entre Europa y Am\u00e9rica Latina con el fin de unir fuerzas en torno al gran reto de promover una nueva conciencia ciudadana, actitudes m\u00e1s responsables y una respuesta m\u00e1s consciente ante los retos que el mundo enfrenta\t\t\t\t\t<\/p>\n\t\t\t\t\n\t\t\t<\/div>\n\t\t\t\n\t\t<\/div>\n\t\t\t\t\t\t<\/div>\n\t\t\t\t<\/div>\n\t\t\t\t\t<\/div>\n\t\t<\/div>\n\t\t\t\t<div class=\"elementor-column elementor-col-50 elementor-inner-column elementor-element elementor-element-0cca8ee\" data-id=\"0cca8ee\" data-element_type=\"column\" data-e-type=\"column\" data-settings=\"{&quot;background_background&quot;:&quot;classic&quot;}\">\n\t\t\t<div class=\"elementor-widget-wrap elementor-element-populated\">\n\t\t\t\t\t\t<div class=\"elementor-element elementor-element-af6a0cb elementor-view-default elementor-position-block-start elementor-mobile-position-block-start elementor-widget elementor-widget-icon-box\" data-id=\"af6a0cb\" data-element_type=\"widget\" data-e-type=\"widget\" data-widget_type=\"icon-box.default\">\n\t\t\t\t<div class=\"elementor-widget-container\">\n\t\t\t\t\t\t\t<div class=\"elementor-icon-box-wrapper\">\n\n\t\t\t\t\t\t<div class=\"elementor-icon-box-icon\">\n\t\t\t\t<span  class=\"elementor-icon\">\n\t\t\t\t<i aria-hidden=\"true\" class=\"fas fa-clipboard-list\"><\/i>\t\t\t\t<\/span>\n\t\t\t<\/div>\n\t\t\t\n\t\t\t\t\t\t<div class=\"elementor-icon-box-content\">\n\n\t\t\t\t\n\t\t\t\t\t\t\t\t\t<p class=\"elementor-icon-box-description\">\n\t\t\t\t\t\tGeneramos an\u00e1lisis, reflexiones, estudios y proyectos sobre aspectos concretos de m\u00e1ximo inter\u00e9s social, con el fin de influir en las opiniones y actuaciones pol\u00edticas de los ciudadanos y gobiernos, tanto p\u00fablicos como privados. \t\t\t\t\t<\/p>\n\t\t\t\t\n\t\t\t<\/div>\n\t\t\t\n\t\t<\/div>\n\t\t\t\t\t\t<\/div>\n\t\t\t\t<\/div>\n\t\t\t\t\t<\/div>\n\t\t<\/div>\n\t\t\t\t\t<\/div>\n\t\t<\/section>\n\t\t\t\t<section class=\"elementor-section elementor-inner-section elementor-element elementor-element-5128fd9 elementor-section-boxed elementor-section-height-default elementor-section-height-default\" data-id=\"5128fd9\" data-element_type=\"section\" data-e-type=\"section\">\n\t\t\t\t\t\t<div class=\"elementor-container elementor-column-gap-no\">\n\t\t\t\t\t<div class=\"elementor-column elementor-col-50 elementor-inner-column elementor-element elementor-element-4740a15\" data-id=\"4740a15\" data-element_type=\"column\" data-e-type=\"column\" data-settings=\"{&quot;background_background&quot;:&quot;classic&quot;}\">\n\t\t\t<div class=\"elementor-widget-wrap elementor-element-populated\">\n\t\t\t\t\t\t<div class=\"elementor-element elementor-element-bb3cf95 elementor-view-default elementor-position-block-start elementor-mobile-position-block-start elementor-widget elementor-widget-icon-box\" data-id=\"bb3cf95\" data-element_type=\"widget\" data-e-type=\"widget\" data-widget_type=\"icon-box.default\">\n\t\t\t\t<div class=\"elementor-widget-container\">\n\t\t\t\t\t\t\t<div class=\"elementor-icon-box-wrapper\">\n\n\t\t\t\t\t\t<div class=\"elementor-icon-box-icon\">\n\t\t\t\t<span  class=\"elementor-icon\">\n\t\t\t\t<i aria-hidden=\"true\" class=\"far fa-money-bill-alt\"><\/i>\t\t\t\t<\/span>\n\t\t\t<\/div>\n\t\t\t\n\t\t\t\t\t\t<div class=\"elementor-icon-box-content\">\n\n\t\t\t\t\n\t\t\t\t\t\t\t\t\t<p class=\"elementor-icon-box-description\">\n\t\t\t\t\t\tHelp the State share its role with the\ncitizens, in such a way that the citizen can act with initiative and\nprivately, without having to pay a social or economic cost for\nit.\t\t\t\t\t<\/p>\n\t\t\t\t\n\t\t\t<\/div>\n\t\t\t\n\t\t<\/div>\n\t\t\t\t\t\t<\/div>\n\t\t\t\t<\/div>\n\t\t\t\t\t<\/div>\n\t\t<\/div>\n\t\t\t\t<div class=\"elementor-column elementor-col-50 elementor-inner-column elementor-element elementor-element-481d476\" data-id=\"481d476\" data-element_type=\"column\" data-e-type=\"column\" data-settings=\"{&quot;background_background&quot;:&quot;classic&quot;}\">\n\t\t\t<div class=\"elementor-widget-wrap elementor-element-populated\">\n\t\t\t\t\t\t<div class=\"elementor-element elementor-element-d3a1848 elementor-view-default elementor-position-block-start elementor-mobile-position-block-start elementor-widget elementor-widget-icon-box\" data-id=\"d3a1848\" data-element_type=\"widget\" data-e-type=\"widget\" data-widget_type=\"icon-box.default\">\n\t\t\t\t<div class=\"elementor-widget-container\">\n\t\t\t\t\t\t\t<div class=\"elementor-icon-box-wrapper\">\n\n\t\t\t\t\t\t<div class=\"elementor-icon-box-icon\">\n\t\t\t\t<span  class=\"elementor-icon\">\n\t\t\t\t<i aria-hidden=\"true\" class=\"fas fa-handshake\"><\/i>\t\t\t\t<\/span>\n\t\t\t<\/div>\n\t\t\t\n\t\t\t\t\t\t<div class=\"elementor-icon-box-content\">\n\n\t\t\t\t\n\t\t\t\t\t\t\t\t\t<p class=\"elementor-icon-box-description\">\n\t\t\t\t\t\tEstamos enfocados en unir fuerzas y voces para hacer contrapeso al estatismo defendido por organizaciones internacionales, como el Foro de S\u00e3o Paulo y el Grupo Puebla, que ponen en riesgo el futuro de un mundo libre. Somos proactivos en la necesidad de impulsar una propuesta cultural y espiritual que contribuya a la construcci\u00f3n de sociedades m\u00e1s libres, justas y formadas.\t\t\t\t\t<\/p>\n\t\t\t\t\n\t\t\t<\/div>\n\t\t\t\n\t\t<\/div>\n\t\t\t\t\t\t<\/div>\n\t\t\t\t<\/div>\n\t\t\t\t\t<\/div>\n\t\t<\/div>\n\t\t\t\t\t<\/div>\n\t\t<\/section>\n\t\t\t\t\t<\/div>\n\t\t<\/div>\n\t\t\t\t\t<\/div>\n\t\t<\/section>\n\t\t\t\t<\/div>","protected":false},"excerpt":{"rendered":"<p>NUESTRO PROP\u00d3SITO Somos un catalizador de buenas ideas, relaciones y acciones. Creemos en la conveniencia nutrir la espiritualidad del ciudadano para impulsar as\u00ed todo su potencial y promover proyectos de transformaci\u00f3n social. Facilitamos networking entre Europa y Am\u00e9rica Latina con el fin de unir fuerzas en torno al gran reto de promover una nueva conciencia &hellip;<\/p>\n<p class=\"read-more\"> <a class=\"\" href=\"https:\/\/nuevalibertad.org\/en\/nuestro-proposito\/\"> <span class=\"screen-reader-text\">Our Purpose<\/span> Read More &raquo;<\/a><\/p>","protected":false},"author":1,"featured_media":0,"parent":0,"menu_order":0,"comment_status":"closed","ping_status":"closed","template":"","meta":{"sfsi_plus_gutenberg_text_before_share":"","sfsi_plus_gutenberg_show_text_before_share":"","sfsi_plus_gutenberg_icon_type":"","sfsi_plus_gutenberg_icon_alignemt":"","sfsi_plus_gutenburg_max_per_row":"","site-sidebar-layout":"default","site-content-layout":"page-builder","ast-global-header-display":"","ast-banner-title-visibility":"","ast-main-header-display":"","ast-hfb-above-header-display":"","ast-hfb-below-header-display":"","ast-hfb-mobile-header-display":"","site-post-title":"disabled","ast-breadcrumbs-content":"disabled","ast-featured-img":"disabled","footer-sml-layout":"","theme-transparent-header-meta":"enabled","adv-header-id-meta":"","stick-header-meta":"","header-above-stick-meta":"","header-main-stick-meta":"","header-below-stick-meta":"","footnotes":""},"class_list":["post-833","page","type-page","status-publish","hentry"],"yoast_head":"<!-- This site is optimized with the Yoast SEO plugin v27.3 - https:\/\/yoast.com\/product\/yoast-seo-wordpress\/ -->\n<title>Nuestro Prop\u00f3sito - Nueva Libertad y Gobierno<\/title>\n<meta name=\"robots\" content=\"index, follow, max-snippet:-1, max-image-preview:large, max-video-preview:-1\" \/>\n<link rel=\"canonical\" href=\"https:\/\/nuevalibertad.org\/en\/nuestro-proposito\/\" \/>\n<meta property=\"og:locale\" content=\"en_US\" \/>\n<meta property=\"og:type\" content=\"article\" \/>\n<meta property=\"og:title\" content=\"Nuestro Prop\u00f3sito - Nueva Libertad y Gobierno\" \/>\n<meta property=\"og:description\" content=\"NUESTRO PROP\u00d3SITO Somos un catalizador de buenas ideas, relaciones y acciones. Creemos en la conveniencia nutrir la espiritualidad del ciudadano para impulsar as\u00ed todo su potencial y promover proyectos de transformaci\u00f3n social. Facilitamos networking entre Europa y Am\u00e9rica Latina con el fin de unir fuerzas en torno al gran reto de promover una nueva conciencia &hellip; Nuestro Prop\u00f3sito Read More &raquo;\" \/>\n<meta property=\"og:url\" content=\"https:\/\/nuevalibertad.org\/en\/nuestro-proposito\/\" \/>\n<meta property=\"og:site_name\" content=\"Nueva Libertad y Gobierno\" \/>\n<meta property=\"article:modified_time\" content=\"2025-04-15T13:52:20+00:00\" \/>\n<meta name=\"twitter:card\" content=\"summary_large_image\" \/>\n<meta name=\"twitter:label1\" content=\"Est. reading time\" \/>\n\t<meta name=\"twitter:data1\" content=\"1 minute\" \/>\n<script type=\"application\/ld+json\" class=\"yoast-schema-graph\">{\"@context\":\"https:\\\/\\\/schema.org\",\"@graph\":[{\"@type\":\"WebPage\",\"@id\":\"https:\\\/\\\/nuevalibertad.org\\\/nuestro-proposito\\\/\",\"url\":\"https:\\\/\\\/nuevalibertad.org\\\/nuestro-proposito\\\/\",\"name\":\"Nuestro Prop\u00f3sito - Nueva Libertad y Gobierno\",\"isPartOf\":{\"@id\":\"https:\\\/\\\/nuevalibertad.org\\\/#website\"},\"datePublished\":\"2021-03-05T20:10:52+00:00\",\"dateModified\":\"2025-04-15T13:52:20+00:00\",\"breadcrumb\":{\"@id\":\"https:\\\/\\\/nuevalibertad.org\\\/nuestro-proposito\\\/#breadcrumb\"},\"inLanguage\":\"en-US\",\"potentialAction\":[{\"@type\":\"ReadAction\",\"target\":[\"https:\\\/\\\/nuevalibertad.org\\\/nuestro-proposito\\\/\"]}]},{\"@type\":\"BreadcrumbList\",\"@id\":\"https:\\\/\\\/nuevalibertad.org\\\/nuestro-proposito\\\/#breadcrumb\",\"itemListElement\":[{\"@type\":\"ListItem\",\"position\":1,\"name\":\"Portada\",\"item\":\"https:\\\/\\\/nuevalibertad.org\\\/\"},{\"@type\":\"ListItem\",\"position\":2,\"name\":\"Nuestro Prop\u00f3sito\"}]},{\"@type\":\"WebSite\",\"@id\":\"https:\\\/\\\/nuevalibertad.org\\\/#website\",\"url\":\"https:\\\/\\\/nuevalibertad.org\\\/\",\"name\":\"Nueva Libertad y Gobierno\",\"description\":\"Enfocados en la direcci\u00f3n correcta\",\"publisher\":{\"@id\":\"https:\\\/\\\/nuevalibertad.org\\\/#organization\"},\"potentialAction\":[{\"@type\":\"SearchAction\",\"target\":{\"@type\":\"EntryPoint\",\"urlTemplate\":\"https:\\\/\\\/nuevalibertad.org\\\/?s={search_term_string}\"},\"query-input\":{\"@type\":\"PropertyValueSpecification\",\"valueRequired\":true,\"valueName\":\"search_term_string\"}}],\"inLanguage\":\"en-US\"},{\"@type\":\"Organization\",\"@id\":\"https:\\\/\\\/nuevalibertad.org\\\/#organization\",\"name\":\"Nueva Libertad y Gobierno\",\"url\":\"https:\\\/\\\/nuevalibertad.org\\\/\",\"logo\":{\"@type\":\"ImageObject\",\"inLanguage\":\"en-US\",\"@id\":\"https:\\\/\\\/nuevalibertad.org\\\/#\\\/schema\\\/logo\\\/image\\\/\",\"url\":\"https:\\\/\\\/nuevalibertad.org\\\/wp-content\\\/uploads\\\/2023\\\/07\\\/cropped-nlg-1.png\",\"contentUrl\":\"https:\\\/\\\/nuevalibertad.org\\\/wp-content\\\/uploads\\\/2023\\\/07\\\/cropped-nlg-1.png\",\"width\":321,\"height\":189,\"caption\":\"Nueva Libertad y Gobierno\"},\"image\":{\"@id\":\"https:\\\/\\\/nuevalibertad.org\\\/#\\\/schema\\\/logo\\\/image\\\/\"}}]}<\/script>\n<!-- \/ Yoast SEO plugin. -->","yoast_head_json":{"title":"Nuestro Prop\u00f3sito - Nueva Libertad y Gobierno","robots":{"index":"index","follow":"follow","max-snippet":"max-snippet:-1","max-image-preview":"max-image-preview:large","max-video-preview":"max-video-preview:-1"},"canonical":"https:\/\/nuevalibertad.org\/en\/nuestro-proposito\/","og_locale":"en_US","og_type":"article","og_title":"Nuestro Prop\u00f3sito - Nueva Libertad y Gobierno","og_description":"NUESTRO PROP\u00d3SITO Somos un catalizador de buenas ideas, relaciones y acciones. Creemos en la conveniencia nutrir la espiritualidad del ciudadano para impulsar as\u00ed todo su potencial y promover proyectos de transformaci\u00f3n social. Facilitamos networking entre Europa y Am\u00e9rica Latina con el fin de unir fuerzas en torno al gran reto de promover una nueva conciencia &hellip; Nuestro Prop\u00f3sito Read More &raquo;","og_url":"https:\/\/nuevalibertad.org\/en\/nuestro-proposito\/","og_site_name":"Nueva Libertad y Gobierno","article_modified_time":"2025-04-15T13:52:20+00:00","twitter_card":"summary_large_image","twitter_misc":{"Est. reading time":"1 minute"},"schema":{"@context":"https:\/\/schema.org","@graph":[{"@type":"WebPage","@id":"https:\/\/nuevalibertad.org\/nuestro-proposito\/","url":"https:\/\/nuevalibertad.org\/nuestro-proposito\/","name":"Nuestro Prop\u00f3sito - Nueva Libertad y Gobierno","isPartOf":{"@id":"https:\/\/nuevalibertad.org\/#website"},"datePublished":"2021-03-05T20:10:52+00:00","dateModified":"2025-04-15T13:52:20+00:00","breadcrumb":{"@id":"https:\/\/nuevalibertad.org\/nuestro-proposito\/#breadcrumb"},"inLanguage":"en-US","potentialAction":[{"@type":"ReadAction","target":["https:\/\/nuevalibertad.org\/nuestro-proposito\/"]}]},{"@type":"BreadcrumbList","@id":"https:\/\/nuevalibertad.org\/nuestro-proposito\/#breadcrumb","itemListElement":[{"@type":"ListItem","position":1,"name":"Portada","item":"https:\/\/nuevalibertad.org\/"},{"@type":"ListItem","position":2,"name":"Nuestro Prop\u00f3sito"}]},{"@type":"WebSite","@id":"https:\/\/nuevalibertad.org\/#website","url":"https:\/\/nuevalibertad.org\/","name":"Nueva Libertad y Gobierno","description":"Enfocados en la direcci\u00f3n correcta","publisher":{"@id":"https:\/\/nuevalibertad.org\/#organization"},"potentialAction":[{"@type":"SearchAction","target":{"@type":"EntryPoint","urlTemplate":"https:\/\/nuevalibertad.org\/?s={search_term_string}"},"query-input":{"@type":"PropertyValueSpecification","valueRequired":true,"valueName":"search_term_string"}}],"inLanguage":"en-US"},{"@type":"Organization","@id":"https:\/\/nuevalibertad.org\/#organization","name":"Nueva Libertad y Gobierno","url":"https:\/\/nuevalibertad.org\/","logo":{"@type":"ImageObject","inLanguage":"en-US","@id":"https:\/\/nuevalibertad.org\/#\/schema\/logo\/image\/","url":"https:\/\/nuevalibertad.org\/wp-content\/uploads\/2023\/07\/cropped-nlg-1.png","contentUrl":"https:\/\/nuevalibertad.org\/wp-content\/uploads\/2023\/07\/cropped-nlg-1.png","width":321,"height":189,"caption":"Nueva Libertad y Gobierno"},"image":{"@id":"https:\/\/nuevalibertad.org\/#\/schema\/logo\/image\/"}}]}},"jetpack_sharing_enabled":true,"_links":{"self":[{"href":"https:\/\/nuevalibertad.org\/en\/wp-json\/wp\/v2\/pages\/833","targetHints":{"allow":["GET"]}}],"collection":[{"href":"https:\/\/nuevalibertad.org\/en\/wp-json\/wp\/v2\/pages"}],"about":[{"href":"https:\/\/nuevalibertad.org\/en\/wp-json\/wp\/v2\/types\/page"}],"author":[{"embeddable":true,"href":"https:\/\/nuevalibertad.org\/en\/wp-json\/wp\/v2\/users\/1"}],"replies":[{"embeddable":true,"href":"https:\/\/nuevalibertad.org\/en\/wp-json\/wp\/v2\/comments?post=833"}],"version-history":[{"count":66,"href":"https:\/\/nuevalibertad.org\/en\/wp-json\/wp\/v2\/pages\/833\/revisions"}],"predecessor-version":[{"id":2593,"href":"https:\/\/nuevalibertad.org\/en\/wp-json\/wp\/v2\/pages\/833\/revisions\/2593"}],"wp:attachment":[{"href":"https:\/\/nuevalibertad.org\/en\/wp-json\/wp\/v2\/media?parent=833"}],"curies":[{"name":"wp","href":"https:\/\/api.w.org\/{rel}","templated":true}]}}